{"id":1023,"date":"2017-11-28T16:09:37","date_gmt":"2017-11-28T15:09:37","guid":{"rendered":"https:\/\/www.alveolelab.com\/?page_id=1023"},"modified":"2018-03-23T16:13:57","modified_gmt":"2018-03-23T15:13:57","slug":"notre-equipe","status":"publish","type":"page","link":"https:\/\/www.alveolelab.com\/fr\/notre-equipe\/","title":{"rendered":"L&rsquo;\u00e9quipe Alv\u00e9ole"},"content":{"rendered":"<div class=\"wpb-content-wrapper\">[vc_row full_width=\u00a0\u00bbstretch_row\u00a0\u00bb el_class=\u00a0\u00bbgrey_down_bg\u00a0\u00bb][vc_column]<div class=\"vc_row wpb_row vc_inner vc_row-fluid teamGrid\">\r        \r\n<div class=\"wpb_column vc_column_container vc_col-sm-6 vc_col-lg-4 vc_col-md-6 vc_col-xs-12\">\r\n    <div class=\"teamMember\">\r\n        <div class=\"image\" style=\"background-image: url(https:\/\/www.alveolelab.com\/wp-content\/uploads\/2019\/05\/Helene.jpg);\">\r\n        <\/div>\r\n        <div class=\"content\">\r\n            <h3>H\u00e9l\u00e8ne Delobel<\/h3>\r\n            <div class=\"function\">Directrice Op\u00e9rationnelle<\/div>            <div class=\"excerpt\"><p>Suite \u00e0 une premi\u00e8re formation en biologie cellulaire et physiologie \u00e0 l\u2019UPMC Paris 6, H\u00e9l\u00e8ne a valoris\u00e9 une double comp\u00e9tence par l\u2019obtention d\u2019un Master de vente. Elle a travaill\u00e9 ensuite pendant 15 ann\u00e9es au sein du d\u00e9partement Instruments de Nikon. Cette longue exp\u00e9rience lui a permis d\u2019acqu\u00e9rir une solide expertise dans le domaine de la microscopie et de la vid\u00e9omicroscopie, ainsi qu\u2019une compr\u00e9hension approfondie du march\u00e9 de l\u2019instrumentation scientifique et du monde de la recherche en biologie. Elle rejoint Alv\u00e9ole en Avril 2017 pour \u00eatre en charge du d\u00e9veloppement commercial \u00e0 l\u2019international des produits et solutions de l\u2019entreprise.<\/p>\n<\/div>\r\n        <\/div>\r\n        <div class=\"clear\"><\/div>\r\n    <\/div>\r\n<\/div>\r\n    \r\n<div class=\"wpb_column vc_column_container vc_col-sm-6 vc_col-lg-4 vc_col-md-6 vc_col-xs-12\">\r\n    <div class=\"teamMember\">\r\n        <div class=\"image\" style=\"background-image: url(https:\/\/www.alveolelab.com\/wp-content\/uploads\/2019\/05\/Matthieu.jpg);\">\r\n        <\/div>\r\n        <div class=\"content\">\r\n            <h3>Matthieu Opitz<\/h3>\r\n            <div class=\"function\">Responsable R&amp;D<\/div>            <div class=\"excerpt\"><p>Il a suivi une formation d\u2019ing\u00e9nieur en biotechnologies \u00e0 Sup\u2019Biotech en se sp\u00e9cialisant dans le domaine de la sant\u00e9. Apr\u00e8s ses \u00e9tudes, il a d\u2019abord travaill\u00e9 dans un laboratoire du CNRS pour \u00e9tudier l\u2019effet du microvenvironnement sur la diff\u00e9renciation neurale des cellules souches. Il a ensuite rejoint l\u2019\u00e9quipe d\u2019Alv\u00e9ole en 2015 o\u00f9 il est aujourd\u2019hui responsable R&amp;D.<\/p>\n<\/div>\r\n        <\/div>\r\n        <div class=\"clear\"><\/div>\r\n    <\/div>\r\n<\/div>\r\n    \r\n<div class=\"wpb_column vc_column_container vc_col-sm-6 vc_col-lg-4 vc_col-md-6 vc_col-xs-12\">\r\n    <div class=\"teamMember\">\r\n        <div class=\"image\" style=\"background-image: url(https:\/\/www.alveolelab.com\/wp-content\/uploads\/2019\/05\/Aure\u0301lien-Duboin.jpg);\">\r\n        <\/div>\r\n        <div class=\"content\">\r\n            <h3>Aur\u00e9lien Duboin, PhD<\/h3>\r\n            <div class=\"function\">Responsable production et services<\/div>            <div class=\"excerpt\"><p>Il a fait sa th\u00e8se au laboratoire de Microfluidique de l&rsquo;ESPCI sur l&rsquo;\u00e9tude d&rsquo;\u00e9coulement de fluide complexes en pr\u00e9sence d&rsquo;interfaces, appliqu\u00e9e \u00e0 la r\u00e9cup\u00e9ration assist\u00e9e du p\u00e9trole. Apr\u00e8s sa th\u00e8se, il travaille en collaboration avec Alv\u00e9ole pendant son postdoctorat \u00e0 l&rsquo;Institut Curie pour mettre au point le premier prototype pour le photo-patterning de prot\u00e9ines \u00e0 partir de la technologie LIMAP. Il rejoint ensuite Alv\u00e9ole en tant qu&rsquo;Ing\u00e9nieur d&rsquo;application. Il assure l&rsquo;installation du syst\u00e8me PRIMO, la formation sur site des utilisateurs et le support technique en lien \u00e9troit avec l&rsquo;\u00e9quipe R&amp;D d&rsquo;Alv\u00e9ole.<\/p>\n<\/div>\r\n        <\/div>\r\n        <div class=\"clear\"><\/div>\r\n    <\/div>\r\n<\/div>\r\n    \r\n<div class=\"wpb_column vc_column_container vc_col-sm-6 vc_col-lg-4 vc_col-md-6 vc_col-xs-12\">\r\n    <div class=\"teamMember\">\r\n        <div class=\"image\" style=\"background-image: url(https:\/\/www.alveolelab.com\/wp-content\/uploads\/2025\/10\/Shubham.jpeg);\">\r\n        <\/div>\r\n        <div class=\"content\">\r\n            <h3>Shubham Sahu PhD<\/h3>\r\n            <div class=\"function\">Ing\u00e9nieur d'application<\/div>            <div class=\"excerpt\"><p>Shubham a obtenu son doctorat en biologie du d\u00e9veloppement quantitative \u00e0 l\u2019Institut Curie, \u00e0 Paris, ainsi qu\u2019un master en approches interdisciplinaires des sciences de la vie \u00e0 l\u2019Universit\u00e9 Paris Descartes. Il est \u00e9galement titulaire d\u2019un dipl\u00f4me d\u2019ing\u00e9nieur du National Institute of Technology, Warangal.<br \/>\nIl se sp\u00e9cialise en biologie mol\u00e9culaire, biophysique, microscopie et microfluidique.<br \/>\nApr\u00e8s avoir termin\u00e9 son doctorat, Shubham a rejoint la soci\u00e9t\u00e9 Alv\u00e9ole en tant qu\u2019ing\u00e9nieur d\u2019application en ao\u00fbt 2024.<\/p>\n<\/div>\r\n        <\/div>\r\n        <div class=\"clear\"><\/div>\r\n    <\/div>\r\n<\/div>\r\n    \r\n<div class=\"wpb_column vc_column_container vc_col-sm-6 vc_col-lg-4 vc_col-md-6 vc_col-xs-12\">\r\n    <div class=\"teamMember\">\r\n        <div class=\"image\" style=\"background-image: url(https:\/\/www.alveolelab.com\/wp-content\/uploads\/2025\/10\/Photo_imen_ben_ameur-e1761734096105.jpg);\">\r\n        <\/div>\r\n        <div class=\"content\">\r\n            <h3>Imen Ben Ameur<\/h3>\r\n            <div class=\"function\">Charg\u00e9e marketing <\/div>            <div class=\"excerpt\"><p>Imen est titulaire d\u2019un double dipl\u00f4me en microbiologie et en marketing des biotechnologies. Elle allie expertise scientifique et sens strat\u00e9gique pour promouvoir l\u2019innovation dans les sciences de la vie et accompagne le d\u00e9veloppement de projets biotechnologiques \u00e0 l\u2019intersection de la science, de la technologie et de la communication.<\/p>\n<\/div>\r\n        <\/div>\r\n        <div class=\"clear\"><\/div>\r\n    <\/div>\r\n<\/div>\r\n    \r\n<div class=\"wpb_column vc_column_container vc_col-sm-6 vc_col-lg-4 vc_col-md-6 vc_col-xs-12\">\r\n    <div class=\"teamMember\">\r\n        <div class=\"image\" style=\"background-image: url(https:\/\/www.alveolelab.com\/wp-content\/uploads\/2019\/05\/Laurent.jpg);\">\r\n        <\/div>\r\n        <div class=\"content\">\r\n            <h3>Laurent Siquier<\/h3>\r\n            <div class=\"function\">Ing\u00e9nieur d'application &amp; logiciel<\/div>            <div class=\"excerpt\"><p>Laurent a quitt\u00e9 EPITECH en 2008 apr\u00e8s avoir obtenu son dipl\u00f4me d&rsquo;Expert en Technologies de l&rsquo;Information. Depuis, il a travaill\u00e9 comme d\u00e9veloppeur, architecte et chef de projet logiciel dans des domaines vari\u00e9s : M\u00e9dical, D\u00e9fense, Math\u00e9matiques&#8230;. Apr\u00e8s une ann\u00e9e en tant qu&rsquo;ing\u00e9nieur logiciel consultant pour Alv\u00e9ole, il a rejoint l&rsquo;\u00e9quipe en 2017 pour g\u00e9rer le d\u00e9veloppement du logiciel Leonardo.<\/p>\n<\/div>\r\n        <\/div>\r\n        <div class=\"clear\"><\/div>\r\n    <\/div>\r\n<\/div>\r\n<div class=\"clear\"><\/div><\/div>\r<div class=\"clear\"><\/div>[vc_empty_space height=\u00a0\u00bb80px\u00a0\u00bb][\/vc_column][\/vc_row]\n<\/div>","protected":false},"excerpt":{"rendered":"<p>Alv\u00e9ole base son organisation sur une \u00e9quipe conjuguant exigence scientifique et satisfaction client. Travaillant ensemble au quotidien avec une vision commune, les comp\u00e9tences pluridisciplinaires sont en ad\u00e9quation avec les besoins des utilisateurs (chimie, physique des mat\u00e9riaux, biologie cellulaire).<\/p>\n","protected":false},"author":1,"featured_media":0,"parent":0,"menu_order":26,"comment_status":"closed","ping_status":"closed","template":"","meta":{"inline_featured_image":false,"footnotes":""},"class_list":["post-1023","page","type-page","status-publish","hentry","themes-marque"],"yoast_head":"<!-- This site is optimized with the Yoast SEO plugin v27.3 - https:\/\/yoast.com\/product\/yoast-seo-wordpress\/ -->\n<title>Alv\u00e9ole : une \u00e9quipe scientifique aux comp\u00e9tences pluridisciplinaires<\/title>\n<meta name=\"description\" content=\"Alv\u00e9ole base son organisation sur une \u00e9quipe conjuguant exigence scientifique et satisfaction client (chimie, physique des mat\u00e9riaux, biologie cellulaire).\" \/>\n<meta name=\"robots\" content=\"index, follow, max-snippet:-1, max-image-preview:large, max-video-preview:-1\" \/>\n<link rel=\"canonical\" href=\"https:\/\/www.alveolelab.com\/fr\/notre-equipe\/\" \/>\n<meta property=\"og:locale\" content=\"fr_FR\" \/>\n<meta property=\"og:type\" content=\"article\" \/>\n<meta property=\"og:title\" content=\"Alv\u00e9ole : une \u00e9quipe scientifique aux comp\u00e9tences pluridisciplinaires\" \/>\n<meta property=\"og:description\" content=\"Alv\u00e9ole base son organisation sur une \u00e9quipe conjuguant exigence scientifique et satisfaction client (chimie, physique des mat\u00e9riaux, biologie cellulaire).\" \/>\n<meta property=\"og:url\" content=\"https:\/\/www.alveolelab.com\/fr\/notre-equipe\/\" \/>\n<meta property=\"og:site_name\" content=\"alv\u00e9ole\" \/>\n<meta property=\"article:modified_time\" content=\"2018-03-23T15:13:57+00:00\" \/>\n<meta name=\"twitter:card\" content=\"summary_large_image\" \/>\n<meta name=\"twitter:site\" content=\"@AlveoleLab\" \/>\n<meta name=\"twitter:label1\" content=\"Dur\u00e9e de lecture estim\u00e9e\" \/>\n\t<meta name=\"twitter:data1\" content=\"1 minute\" \/>\n<!-- \/ Yoast SEO plugin. -->","yoast_head_json":{"title":"Alv\u00e9ole : une \u00e9quipe scientifique aux comp\u00e9tences pluridisciplinaires","description":"Alv\u00e9ole base son organisation sur une \u00e9quipe conjuguant exigence scientifique et satisfaction client (chimie, physique des mat\u00e9riaux, biologie cellulaire).","robots":{"index":"index","follow":"follow","max-snippet":"max-snippet:-1","max-image-preview":"max-image-preview:large","max-video-preview":"max-video-preview:-1"},"canonical":"https:\/\/www.alveolelab.com\/fr\/notre-equipe\/","og_locale":"fr_FR","og_type":"article","og_title":"Alv\u00e9ole : une \u00e9quipe scientifique aux comp\u00e9tences pluridisciplinaires","og_description":"Alv\u00e9ole base son organisation sur une \u00e9quipe conjuguant exigence scientifique et satisfaction client (chimie, physique des mat\u00e9riaux, biologie cellulaire).","og_url":"https:\/\/www.alveolelab.com\/fr\/notre-equipe\/","og_site_name":"alv\u00e9ole","article_modified_time":"2018-03-23T15:13:57+00:00","twitter_card":"summary_large_image","twitter_site":"@AlveoleLab","twitter_misc":{"Dur\u00e9e de lecture estim\u00e9e":"1 minute"},"schema":{"@context":"https:\/\/schema.org","@graph":[{"@type":"WebPage","@id":"https:\/\/www.alveolelab.com\/fr\/notre-equipe\/","url":"https:\/\/www.alveolelab.com\/fr\/notre-equipe\/","name":"Alv\u00e9ole : une \u00e9quipe scientifique aux comp\u00e9tences pluridisciplinaires","isPartOf":{"@id":"https:\/\/www.alveolelab.com\/#website"},"datePublished":"2017-11-28T15:09:37+00:00","dateModified":"2018-03-23T15:13:57+00:00","description":"Alv\u00e9ole base son organisation sur une \u00e9quipe conjuguant exigence scientifique et satisfaction client (chimie, physique des mat\u00e9riaux, biologie cellulaire).","breadcrumb":{"@id":"https:\/\/www.alveolelab.com\/fr\/notre-equipe\/#breadcrumb"},"inLanguage":"fr-FR","potentialAction":[{"@type":"ReadAction","target":["https:\/\/www.alveolelab.com\/fr\/notre-equipe\/"]}]},{"@type":"BreadcrumbList","@id":"https:\/\/www.alveolelab.com\/fr\/notre-equipe\/#breadcrumb","itemListElement":[{"@type":"ListItem","position":1,"name":"Home","item":"https:\/\/www.alveolelab.com\/fr\/"},{"@type":"ListItem","position":2,"name":"L&rsquo;\u00e9quipe Alv\u00e9ole"}]},{"@type":"WebSite","@id":"https:\/\/www.alveolelab.com\/#website","url":"https:\/\/www.alveolelab.com\/","name":"alv\u00e9ole","description":"Micropatterning","publisher":{"@id":"https:\/\/www.alveolelab.com\/#organization"},"potentialAction":[{"@type":"SearchAction","target":{"@type":"EntryPoint","urlTemplate":"https:\/\/www.alveolelab.com\/?s={search_term_string}"},"query-input":{"@type":"PropertyValueSpecification","valueRequired":true,"valueName":"search_term_string"}}],"inLanguage":"fr-FR"},{"@type":"Organization","@id":"https:\/\/www.alveolelab.com\/#organization","name":"Alveole","url":"https:\/\/www.alveolelab.com\/","logo":{"@type":"ImageObject","inLanguage":"fr-FR","@id":"https:\/\/www.alveolelab.com\/#\/schema\/logo\/image\/","url":"https:\/\/www.alveolelab.com\/wp-content\/uploads\/2018\/06\/Logo-Alveole-Lab.png","contentUrl":"https:\/\/www.alveolelab.com\/wp-content\/uploads\/2018\/06\/Logo-Alveole-Lab.png","width":389,"height":132,"caption":"Alveole"},"image":{"@id":"https:\/\/www.alveolelab.com\/#\/schema\/logo\/image\/"},"sameAs":["https:\/\/x.com\/AlveoleLab","https:\/\/www.linkedin.com\/company\/alv\u00e9ole\/","https:\/\/www.youtube.com\/c\/AlveoleLab"]}]}},"_links":{"self":[{"href":"https:\/\/www.alveolelab.com\/fr\/wp-json\/wp\/v2\/pages\/1023","targetHints":{"allow":["GET"]}}],"collection":[{"href":"https:\/\/www.alveolelab.com\/fr\/wp-json\/wp\/v2\/pages"}],"about":[{"href":"https:\/\/www.alveolelab.com\/fr\/wp-json\/wp\/v2\/types\/page"}],"author":[{"embeddable":true,"href":"https:\/\/www.alveolelab.com\/fr\/wp-json\/wp\/v2\/users\/1"}],"replies":[{"embeddable":true,"href":"https:\/\/www.alveolelab.com\/fr\/wp-json\/wp\/v2\/comments?post=1023"}],"version-history":[{"count":0,"href":"https:\/\/www.alveolelab.com\/fr\/wp-json\/wp\/v2\/pages\/1023\/revisions"}],"wp:attachment":[{"href":"https:\/\/www.alveolelab.com\/fr\/wp-json\/wp\/v2\/media?parent=1023"}],"curies":[{"name":"wp","href":"https:\/\/api.w.org\/{rel}","templated":true}]}}