{"id":13,"date":"2017-11-14T13:13:39","date_gmt":"2017-11-14T12:13:39","guid":{"rendered":"https:\/\/www.alveolelab.com\/?page_id=13"},"modified":"2022-11-08T14:09:51","modified_gmt":"2022-11-08T13:09:51","slug":"ressources","status":"publish","type":"page","link":"https:\/\/www.alveolelab.com\/fr\/ressources\/","title":{"rendered":"Le centre de ressources &#038; Support"},"content":{"rendered":"","protected":false},"excerpt":{"rendered":"<p>Notre \u00e9quipe vous livre toutes ses astuces pour mener \u00e0 bien vos exp\u00e9riences de micropatterning<br \/>\net aller encore plus loin !<\/p>\n","protected":false},"author":1,"featured_media":352,"parent":0,"menu_order":27,"comment_status":"closed","ping_status":"closed","template":"page-templates\/page-resources.php","meta":{"inline_featured_image":false,"footnotes":""},"class_list":["post-13","page","type-page","status-publish","has-post-thumbnail","hentry"],"yoast_head":"<!-- This site is optimized with the Yoast SEO plugin v27.3 - https:\/\/yoast.com\/product\/yoast-seo-wordpress\/ -->\n<title>Centre de ressources PRIMO, pour vos exp\u00e9riences de micropatterning<\/title>\n<meta name=\"description\" content=\"Notre \u00e9quipe vous livre toutes ses astuces pour mener \u00e0 bien vos exp\u00e9riences de micropatterning avec PRIMO et aller encore plus loin !\" \/>\n<meta name=\"robots\" content=\"index, follow, max-snippet:-1, max-image-preview:large, max-video-preview:-1\" \/>\n<link rel=\"canonical\" href=\"https:\/\/www.alveolelab.com\/fr\/ressources\/\" \/>\n<meta property=\"og:locale\" content=\"fr_FR\" \/>\n<meta property=\"og:type\" content=\"article\" \/>\n<meta property=\"og:title\" content=\"Centre de ressources PRIMO, pour vos exp\u00e9riences de micropatterning\" \/>\n<meta property=\"og:description\" content=\"Notre \u00e9quipe vous livre toutes ses astuces pour mener \u00e0 bien vos exp\u00e9riences de micropatterning avec PRIMO et aller encore plus loin !\" \/>\n<meta property=\"og:url\" content=\"https:\/\/www.alveolelab.com\/fr\/ressources\/\" \/>\n<meta property=\"og:site_name\" content=\"alv\u00e9ole\" \/>\n<meta property=\"article:modified_time\" content=\"2022-11-08T13:09:51+00:00\" \/>\n<meta name=\"twitter:card\" content=\"summary_large_image\" \/>\n<meta name=\"twitter:site\" content=\"@AlveoleLab\" \/>\n<!-- \/ Yoast SEO plugin. -->","yoast_head_json":{"title":"Centre de ressources PRIMO, pour vos exp\u00e9riences de micropatterning","description":"Notre \u00e9quipe vous livre toutes ses astuces pour mener \u00e0 bien vos exp\u00e9riences de micropatterning avec PRIMO et aller encore plus loin !","robots":{"index":"index","follow":"follow","max-snippet":"max-snippet:-1","max-image-preview":"max-image-preview:large","max-video-preview":"max-video-preview:-1"},"canonical":"https:\/\/www.alveolelab.com\/fr\/ressources\/","og_locale":"fr_FR","og_type":"article","og_title":"Centre de ressources PRIMO, pour vos exp\u00e9riences de micropatterning","og_description":"Notre \u00e9quipe vous livre toutes ses astuces pour mener \u00e0 bien vos exp\u00e9riences de micropatterning avec PRIMO et aller encore plus loin !","og_url":"https:\/\/www.alveolelab.com\/fr\/ressources\/","og_site_name":"alv\u00e9ole","article_modified_time":"2022-11-08T13:09:51+00:00","twitter_card":"summary_large_image","twitter_site":"@AlveoleLab","schema":{"@context":"https:\/\/schema.org","@graph":[{"@type":"WebPage","@id":"https:\/\/www.alveolelab.com\/fr\/ressources\/","url":"https:\/\/www.alveolelab.com\/fr\/ressources\/","name":"Centre de ressources PRIMO, pour vos exp\u00e9riences de micropatterning","isPartOf":{"@id":"https:\/\/www.alveolelab.com\/#website"},"primaryImageOfPage":{"@id":"https:\/\/www.alveolelab.com\/fr\/ressources\/#primaryimage"},"image":{"@id":"https:\/\/www.alveolelab.com\/fr\/ressources\/#primaryimage"},"thumbnailUrl":"https:\/\/www.alveolelab.com\/wp-content\/uploads\/2017\/11\/publications-1.svg","datePublished":"2017-11-14T12:13:39+00:00","dateModified":"2022-11-08T13:09:51+00:00","description":"Notre \u00e9quipe vous livre toutes ses astuces pour mener \u00e0 bien vos exp\u00e9riences de micropatterning avec PRIMO et aller encore plus loin !","breadcrumb":{"@id":"https:\/\/www.alveolelab.com\/fr\/ressources\/#breadcrumb"},"inLanguage":"fr-FR","potentialAction":[{"@type":"ReadAction","target":["https:\/\/www.alveolelab.com\/fr\/ressources\/"]}]},{"@type":"ImageObject","inLanguage":"fr-FR","@id":"https:\/\/www.alveolelab.com\/fr\/ressources\/#primaryimage","url":"https:\/\/www.alveolelab.com\/wp-content\/uploads\/2017\/11\/publications-1.svg","contentUrl":"https:\/\/www.alveolelab.com\/wp-content\/uploads\/2017\/11\/publications-1.svg"},{"@type":"BreadcrumbList","@id":"https:\/\/www.alveolelab.com\/fr\/ressources\/#breadcrumb","itemListElement":[{"@type":"ListItem","position":1,"name":"Home","item":"https:\/\/www.alveolelab.com\/fr\/"},{"@type":"ListItem","position":2,"name":"Le centre de ressources &#038; Support"}]},{"@type":"WebSite","@id":"https:\/\/www.alveolelab.com\/#website","url":"https:\/\/www.alveolelab.com\/","name":"alv\u00e9ole","description":"Micropatterning","publisher":{"@id":"https:\/\/www.alveolelab.com\/#organization"},"potentialAction":[{"@type":"SearchAction","target":{"@type":"EntryPoint","urlTemplate":"https:\/\/www.alveolelab.com\/?s={search_term_string}"},"query-input":{"@type":"PropertyValueSpecification","valueRequired":true,"valueName":"search_term_string"}}],"inLanguage":"fr-FR"},{"@type":"Organization","@id":"https:\/\/www.alveolelab.com\/#organization","name":"Alveole","url":"https:\/\/www.alveolelab.com\/","logo":{"@type":"ImageObject","inLanguage":"fr-FR","@id":"https:\/\/www.alveolelab.com\/#\/schema\/logo\/image\/","url":"https:\/\/www.alveolelab.com\/wp-content\/uploads\/2018\/06\/Logo-Alveole-Lab.png","contentUrl":"https:\/\/www.alveolelab.com\/wp-content\/uploads\/2018\/06\/Logo-Alveole-Lab.png","width":389,"height":132,"caption":"Alveole"},"image":{"@id":"https:\/\/www.alveolelab.com\/#\/schema\/logo\/image\/"},"sameAs":["https:\/\/x.com\/AlveoleLab","https:\/\/www.linkedin.com\/company\/alv\u00e9ole\/","https:\/\/www.youtube.com\/c\/AlveoleLab"]}]}},"_links":{"self":[{"href":"https:\/\/www.alveolelab.com\/fr\/wp-json\/wp\/v2\/pages\/13","targetHints":{"allow":["GET"]}}],"collection":[{"href":"https:\/\/www.alveolelab.com\/fr\/wp-json\/wp\/v2\/pages"}],"about":[{"href":"https:\/\/www.alveolelab.com\/fr\/wp-json\/wp\/v2\/types\/page"}],"author":[{"embeddable":true,"href":"https:\/\/www.alveolelab.com\/fr\/wp-json\/wp\/v2\/users\/1"}],"replies":[{"embeddable":true,"href":"https:\/\/www.alveolelab.com\/fr\/wp-json\/wp\/v2\/comments?post=13"}],"version-history":[{"count":0,"href":"https:\/\/www.alveolelab.com\/fr\/wp-json\/wp\/v2\/pages\/13\/revisions"}],"wp:featuredmedia":[{"embeddable":true,"href":"https:\/\/www.alveolelab.com\/fr\/wp-json\/wp\/v2\/media\/352"}],"wp:attachment":[{"href":"https:\/\/www.alveolelab.com\/fr\/wp-json\/wp\/v2\/media?parent=13"}],"curies":[{"name":"wp","href":"https:\/\/api.w.org\/{rel}","templated":true}]}}