{"id":18,"date":"2017-11-14T13:14:35","date_gmt":"2017-11-14T12:14:35","guid":{"rendered":"https:\/\/www.alveolelab.com\/?page_id=18"},"modified":"2020-11-04T15:54:10","modified_gmt":"2020-11-04T14:54:10","slug":"a-propos","status":"publish","type":"page","link":"https:\/\/www.alveolelab.com\/fr\/a-propos\/","title":{"rendered":"Alv\u00e9ole"},"content":{"rendered":"<div class=\"wpb-content-wrapper\">[vc_row full_width=\u00a0\u00bbstretch_row\u00a0\u00bb el_class=\u00a0\u00bbgrey_down_bg\u00a0\u00bb][vc_column][vc_column_text]\n<h2 style=\"text-align: center;\">Notre histoire<\/h2>\n<div class=\"contentIntro\" style=\"text-align: center;\">\n<p style=\"text-align: center;\">Alv\u00e9ole (Paris, France) a \u00e9t\u00e9 fond\u00e9e en 2010 par trois chercheurs du CNRS <sup>1-2<\/sup>\u00a0en collaboration avec Quattrocento, un \u00abcr\u00e9ateur de jeunes entreprises innovantes\u00bb dans le domaine des sciences du vivant permettant aux chercheurs\u00a0acad\u00e9miques de transformer leurs inventions en produits commercialis\u00e9s.<\/p>\n<\/div>\n<p style=\"text-align: center;\"><div class=\"clear espace \" style=\"padding-top: 30px!important;\" data-desktop-height=\"30\" data-tablet-height=\"\" data-mobile-height=\"\" ><\/div>\n<p style=\"text-align: center;\">Vincent Studer (sp\u00e9cialiste de bio-ing\u00e9nierie) et Maxime Dahan (sp\u00e9cialiste d\u2019imagerie cellulaire) allient leurs comp\u00e9tences depuis 2008 pour d\u00e9velopper des outils pour la recherche en biologie cellulaire. En 2010, Quattrocento cr\u00e9e Alv\u00e9ole avec leur collaboration.<\/p>\n<div class=\"smallText\">\n<p style=\"text-align: center;\"><span style=\"color: #3c6f87;\"><em><sup>1<\/sup> Vincent Studer, Institut interdisciplinaire de neurosciences (CNRS, Universit\u00e9 de Bordeaux).\u00a0<\/em><\/span><br \/>\n<span style=\"color: #3c6f87;\"><em><sup>2 <\/sup>Maxime Dahan, Unit\u00e9 physico-chimie Curie (CNRS, Institut Curie, Universit\u00e9 Pierre et Marie Curie).<\/em><\/span><\/p>\n<\/div>\n[\/vc_column_text][vc_empty_space height=\u00a0\u00bb100px\u00a0\u00bb][vc_row_inner equal_height=\u00a0\u00bbyes\u00a0\u00bb][vc_column_inner el_class=\u00a0\u00bbnoMobile\u00a0\u00bb width=\u00a0\u00bb1\/2&Prime; css=\u00a0\u00bb.vc_custom_1511991023000{background-image: url(https:\/\/www.alveolelab.com\/wp-content\/uploads\/2017\/11\/RD.jpg?id=438) !important;background-position: center !important;background-repeat: no-repeat !important;background-size: cover !important;}\u00a0\u00bb][\/vc_column_inner][vc_column_inner el_class=\u00a0\u00bbwhite_bg\u00a0\u00bb width=\u00a0\u00bb1\/2&Prime; css=\u00a0\u00bb.vc_custom_1511813973768{padding: 50px !important;}\u00a0\u00bb][vc_column_text]\n<h2>La R&amp;D chez Alv\u00e9ole et les partenariats acad\u00e9miques<\/h2>\n<div class=\"contentIntro\">\n<p>Les scienti\ufb01ques de la recherche, du d\u00e9veloppement et de l\u2019industrialisation d\u2019Alv\u00e9ole\u00a0utilisent les derni\u00e8res innovations en imagerie cellulaire, chimie et biologie.<\/p>\n<\/div>\n<p>Alv\u00e9ole noue depuis sa cr\u00e9ation des partenariats de\u00a0nature acad\u00e9mique, solides et p\u00e9rennes, a\ufb01n de devenir\u00a0un acteur technologique incontournable. Ces partenariats ont pour objectif de faire \u00e9voluer PRIMO\u00a0a\ufb01n qu\u2019il puisse devenir un outil standard de la biologie\u00a0cellulaire. Ils sont men\u00e9s par des experts reconnus internationalement et qui sont les ambassadeurs de PRIMO.[\/vc_column_text][\/vc_column_inner][\/vc_row_inner][vc_row_inner equal_height=\u00a0\u00bbyes\u00a0\u00bb][vc_column_inner el_class=\u00a0\u00bbwhite_bg\u00a0\u00bb width=\u00a0\u00bb1\/2&Prime; css=\u00a0\u00bb.vc_custom_1511814006915{padding: 50px !important;}\u00a0\u00bb][vc_column_text]\n<h2>Vos besoins,<br \/>\nNos innovations<\/h2>\n<div class=\"contentIntro\">\n<p>La pr\u00e9occupation constante de l\u2019\u00e9quipe est l\u2019interaction quotidienne a\ufb01n de toujours envisager les d\u00e9veloppements sous l\u2019angle des besoins utilisateurs.<\/p>\n<\/div>\n<p>Une part importante de l\u2019activit\u00e9 d\u2019Alv\u00e9ole est tourn\u00e9e vers la compr\u00e9hension et l\u2019\u00e9valuation des besoins des \u00e9quipes de recherche a\ufb01n d\u2019am\u00e9liorer la plateforme technologique existante et mettre au point de nouvelles solutions.[\/vc_column_text][\/vc_column_inner][vc_column_inner el_class=\u00a0\u00bbnoMobile\u00a0\u00bb width=\u00a0\u00bb1\/2&Prime; css=\u00a0\u00bb.vc_custom_1511991031547{background-image: url(https:\/\/www.alveolelab.com\/wp-content\/uploads\/2017\/11\/innovation.jpg?id=442) !important;background-position: center !important;background-repeat: no-repeat !important;background-size: cover !important;}\u00a0\u00bb][\/vc_column_inner][\/vc_row_inner][vc_row_inner equal_height=\u00a0\u00bbyes\u00a0\u00bb][vc_column_inner el_class=\u00a0\u00bbnoMobile\u00a0\u00bb width=\u00a0\u00bb1\/2&Prime; css=\u00a0\u00bb.vc_custom_1511991049055{background-image: url(https:\/\/www.alveolelab.com\/wp-content\/uploads\/2017\/11\/vision.jpg?id=440) !important;background-position: center !important;background-repeat: no-repeat !important;background-size: cover !important;}\u00a0\u00bb][\/vc_column_inner][vc_column_inner el_class=\u00a0\u00bbwhite_bg\u00a0\u00bb width=\u00a0\u00bb1\/2&Prime; css=\u00a0\u00bb.vc_custom_1511813973768{padding: 50px !important;}\u00a0\u00bb][vc_column_text]\n<h2>Notre vision<\/h2>\n<div class=\"contentIntro\">\n<p>L\u2019ambition d\u2019Alv\u00e9ole est de devenir la r\u00e9f\u00e9rence des outils de cr\u00e9ation d&rsquo;environnements cellulaires biomim\u00e9tiques <em>in vitro<\/em>.<\/p>\n<\/div>\n<p>Depuis 2010 et l\u2019av\u00e8nement du contr\u00f4le des cellules par le microenvironnement cellulaire, les chercheurs en biologie ont besoin de nouveaux outils.<\/p>\n<p>C\u2019est pourquoi l\u2019\u00e9quipe d\u2019Alv\u00e9ole a cr\u00e9\u00e9 PRIMO :\u00a0une plateforme de bio-ing\u00e9nierie associant structuration (par la photopolym\u00e9risation) et fonctionnalisation (par le micropatterning de prot\u00e9ines) de substrats de culture cellulaire.<\/p>\n<p>Cette technologie innovante permet de g\u00e9n\u00e9rer en laboratoire des environnements sur mesure o\u00f9 les cellules (y compris les cellules souches induites) peuvent se comporter comme elles le font dans l\u2019organisme et donc \u00eatre \u00e9tudi\u00e9es de fa\u00e7on plus fiable.<\/p>\n<p>PRIMO acc\u00e9l\u00e8re ainsi la recherche scientifique tout en diminuant le recours aux mod\u00e8les animaux et ouvre de nouvelles possibilit\u00e9s pour des tests plus standardis\u00e9s pour le d\u00e9veloppement de nouvelles mol\u00e9cules pharmacologiques.[\/vc_column_text][\/vc_column_inner][\/vc_row_inner][vc_empty_space height=\u00a0\u00bb40px\u00a0\u00bb el_class=\u00a0\u00bbnoMobile\u00a0\u00bb][\/vc_column][\/vc_row][vc_row content_placement=\u00a0\u00bbmiddle\u00a0\u00bb][vc_column][vc_empty_space height=\u00a0\u00bb40px\u00a0\u00bb]<div class=\"elaxPlayerWrapper\">\r\n    <div id=\"playerGKjOitfzI\" class=\"elaxPlayer\"><\/div>\r\n<\/div>\r\n\r\n<script>\r\n\r\n  \/\/ 2. This code loads the IFrame Player API code asynchronously.\r\n  var tag = document.createElement('script');\r\n\r\n  tag.src = \"https:\/\/www.youtube.com\/iframe_api\";\r\n  var firstScriptTag = document.getElementsByTagName('script')[0];\r\n  firstScriptTag.parentNode.insertBefore(tag, firstScriptTag);\r\n\r\n  \/\/ 3. This function creates an <iframe> (and YouTube player)\r\n  \/\/    after the API code downloads.\r\n  var playerGKjOitfzI;\r\n  function onYouTubeIframeAPIReady() {\r\n    playerGKjOitfzI = new YT.Player('playerGKjOitfzI', {\r\n      videoId: 'GK_jOitf_zI',\r\n      width: '1100',\r\n      height: '620',\r\n      playerVars: {\r\n        rel: 0,\r\n        showinfo: 0\r\n      },\r\n      events: {\r\n        'onReady': onPlayerReady,\r\n        'onStateChange': onPlayerStateChange\r\n      }\r\n    });\r\n  }\r\n  var playDone = false;\r\n  function checkVideoPosition(event) {\r\n    var playerElt = jQuery('#playerGKjOitfzI');\r\n    var top_video = playerElt.offset().top;\r\n    var bottom_video = playerElt.offset().top + playerElt.outerHeight();\r\n    var bottom_screen = jQuery(window).scrollTop() + window.innerHeight;\r\n    var top_screen = jQuery(window).scrollTop();\r\n    if( (bottom_screen > top_video) && (top_screen < bottom_video) ){\r\n        if ( !playDone ){\r\n            playerGKjOitfzI.playVideo();\r\n            playDone = true;\r\n        }\r\n    } else {\r\n        playerGKjOitfzI.stopVideo();\r\n    }\r\n  }\r\n\r\n  \/\/ 4. The API will call this function when the video player is ready.\r\n  function onPlayerReady(event) {\r\n      \/\/ event.target.playVideo();\r\n      jQuery(window).scroll(function() {\r\n        checkVideoPosition();\r\n      });\r\n      checkVideoPosition();\r\n  }\r\n  \r\n  \/\/ 5. The API calls this function when the player's state changes.\r\n  \/\/    The function indicates that when playing a video (state=1),\r\n  \/\/    the player should play for six seconds and then stop.\r\n  var done = false;\r\n  function onPlayerStateChange(event) {\r\n    if (event.data == YT.PlayerState.PLAYING && !done) {\r\n      done = true;\r\n    }\r\n  }\r\n  \r\n  function stopVideo() {\r\n    playerGKjOitfzI.stopVideo();\r\n  }\r\n  \r\n<\/script><div class=\"clear\"><\/div>[vc_empty_space height=\u00a0\u00bb40px\u00a0\u00bb][\/vc_column][\/vc_row][vc_row][vc_column][vc_empty_space height=\u00a0\u00bb40px\u00a0\u00bb]<div class=\"citation blue\"><div class=\"contentWrapper\"><div class=\"content\"><p>Je suis convaincu qu\u2019Alv\u00e9ole participera aux profondes transformations que le domaine de la biologie cellulaire est en train de vivre. Nous accompagnons les \u00e9quipes de recherche en cr\u00e9ant les nouveaux outils de contr\u00f4le des cellules vivantes.<br \/>\nNotre expertise scientifique coupl\u00e9e \u00e0 l\u2019enthousiasme de notre \u00e9quipe et la valeur ajout\u00e9e de notre plateforme technologique sont autant d\u2019atouts pour faire d\u2019Alv\u00e9ole un acteur majeur pour faire du contr\u00f4le des cellules vivantes le futur de la biologie cellulaire.<\/p>\n<\/div><div class=\"signature\"><span class=\"name\" rel=\"author\">Romuald Vally<\/span><span class=\"function\">, Directeur G\u00e9n\u00e9ral Alv\u00e9ole.<\/span><\/div><\/div><div class=\"clear\"><\/div><\/div>[\/vc_column][\/vc_row][vc_row][vc_column][vc_empty_space height=\u00a0\u00bb40px\u00a0\u00bb][vc_column_text]\n<h2 style=\"text-align: center;\">Des projets r\u00e9compens\u00e9s<\/h2>\n[\/vc_column_text][vc_empty_space height=\u00a0\u00bb20px\u00a0\u00bb]<div class=\"royalSlider contentSlider awardsSlider\">\r        <div class=\"rsContent\">\r        <div class=\"awardItem\">\r\n    <img decoding=\"async\" src=\"https:\/\/www.alveolelab.com\/wp-content\/uploads\/2017\/11\/grand_prix_innovation-1.png\" class=\"featuredImg\" alt=\"Grands Prix de l\u2019innovation de la ville de Paris : Finaliste 2017\" \/>    <div class=\"content\">\r\n        <h4>Grands Prix de l\u2019innovation de la ville de Paris : Finaliste 2017<\/h4>\r\n        <div class=\"content\"><p>Alv\u00e9ole a \u00e9t\u00e9 s\u00e9lectionn\u00e9 comme \ufb01naliste dans la section Sant\u00e9 des Grands Prix de l\u2019Innovation de la ville de Paris. Ce concours a pour vocation de soutenir et \u00e9compenser les entreprises franciliennes innovantes dans des secteurs en forte croissance et qui d\u00e9veloppent l\u2019\u00e9conomie de la r\u00e9gion parisienne. Depuis leur cr\u00e9ation, Les Grands prix de l\u2019innovation ont r\u00e9compens\u00e9 67 laur\u00e9ats parmi plus de 3.200 candidats. La c\u00e9r\u00e9monie de remise de prix de cette \u00e9dition 2017 aura lieu le 12 d\u00e9cembre \u00e0 Paris.<\/p>\n<\/div>\r\n    <\/div>\r\n    <div class=\"clear\"><\/div>\r\n<\/div>    <\/div>\r       <div class=\"rsContent\">\r        <div class=\"awardItem\">\r\n    <img decoding=\"async\" src=\"https:\/\/www.alveolelab.com\/wp-content\/uploads\/2017\/11\/7-SLAS-new-product-award-2016_web.jpg\" class=\"featuredImg\" alt=\"SLAS: PRIMO \u00e9lu meilleur produit de l'ann\u00e9e 2016\" \/>    <div class=\"content\">\r\n        <h4>SLAS: PRIMO \u00e9lu meilleur produit de l'ann\u00e9e 2016<\/h4>\r\n        <div class=\"content\"><p>SLAS (Society for Laboratory Automation and Screening) est une communaut\u00e9 mondiale de plus de 30.000 scientifiques du milieu universitaire et de l\u2019industrie collectivement tourn\u00e9e vers l\u2019optimisation du potentiel des technologies pour l\u2019avancement de tous les travaux de recherche. 320 exposants ont particip\u00e9 \u00e0 l\u2019\u00e9dition 2016 de la conf\u00e9rence SLAS \u00e0 San Diego.<br \/>\nPendant la dur\u00e9e de la manifestation, les nouveaux produits ont \u00e9t\u00e9 \u00e9valu\u00e9s quant \u00e0 leur caract\u00e8re innovant et leur impact dans le domaine des techniques de laboratoire. Primo a \u00e9t\u00e9 \u00e9lu meilleur produit de l\u2019ann\u00e9e 2016.<\/p>\n<\/div>\r\n    <\/div>\r\n    <div class=\"clear\"><\/div>\r\n<\/div>    <\/div>\r       <div class=\"rsContent\">\r        <div class=\"awardItem\">\r\n    <img decoding=\"async\" src=\"https:\/\/www.alveolelab.com\/wp-content\/uploads\/2017\/11\/7-laureat-CMI_web.jpg\" class=\"featuredImg\" alt=\"Concours mondial de l\u2019innovation 2014\u00a0: Alv\u00e9ole laur\u00e9at\" \/>    <div class=\"content\">\r\n        <h4>Concours mondial de l\u2019innovation 2014\u00a0: Alv\u00e9ole laur\u00e9at<\/h4>\r\n        <div class=\"content\"><p>Alv\u00e9ole a \u00e9t\u00e9 laur\u00e9at du Concours Mondial de l\u2019Innovation pour le projet CellForLife dans la cat\u00e9gorie m\u00e9decine individualis\u00e9e. Ce projet ambitionne de proposer une offre compl\u00e8te avec une plateforme de manipulation et un dispositif miniaturis\u00e9 pour contr\u00f4ler la diff\u00e9renciation de cellules souches afin de mettre au point des traitements personnalis\u00e9s pour des patients souffrant de maladies g\u00e9n\u00e9tiques. Dans le cadre de leurs travaux sur le syndrome de Rett, les chercheurs de l\u2019Institut Cochin utilisent les outils d\u2019Alv\u00e9ole pour comprendre la pathologie et d\u00e9velopper des th\u00e9rapies cibl\u00e9es.<\/p>\n<\/div>\r\n    <\/div>\r\n    <div class=\"clear\"><\/div>\r\n<\/div>    <\/div>\r   <\/div>\r<div class=\"clear\"><\/div>[vc_empty_space height=\u00a0\u00bb80px\u00a0\u00bb]<div class=\"wpb-content-wrapper\">[vc_row equal_height=\u00a0\u00bbyes\u00a0\u00bb][vc_column width=\u00a0\u00bb1\/2&Prime; el_class=\u00a0\u00bbgreen_bg\u00a0\u00bb css=\u00a0\u00bb.vc_custom_1511815270079{padding: 0px !important;}\u00a0\u00bb]<div class=\"comHeight\" data-height-group=\"bottom-blocs\">\n<h2><span style=\"color: #3c6f87;\">Rencontrez notre \u00e9quipe<\/span><\/h2>\n<div class=\"h3\"><span style=\"color: #515b6a;\">Travaillant ensemble au quotidien avec une vision commune, les comp\u00e9tences pluridisciplinaires de l\u2019\u00e9quipe Alv\u00e9ole sont en ad\u00e9quation avec les besoins des utilisateurs (chimie, physique des mat\u00e9riaux, biologie cellulaire).<\/span><\/div>\n<\/div>\n<div class=\"clear espace \" style=\"padding-top: 60px!important;\" data-desktop-height=\"60\" data-tablet-height=\"\" data-mobile-height=\"\" ><\/div>\n<a href=\"https:\/\/www.alveolelab.com\/fr\/notre-equipe\/\" target=\"\" class=\"button  \" style=\"\"><i class=\"pictoArrowRight\"><\/i>EN SAVOIR PLUS<\/a>\n[\/vc_column][vc_column width=\u00a0\u00bb1\/2&Prime; el_class=\u00a0\u00bbgrey_bg\u00a0\u00bb css=\u00a0\u00bb.vc_custom_1511815278430{padding: 0px !important;}\u00a0\u00bb]<div class=\"comHeight\" data-height-group=\"bottom-blocs\">\n<h2>Nos partenaires<\/h2>\n<div class=\"h3\">Afin de s\u2019inscrire durablement comme acteur de son march\u00e9, Alv\u00e9ole tisse depuis 2016 un r\u00e9seau de partenariats industriels, commerciaux et acad\u00e9miques avec des soci\u00e9t\u00e9s et des laboratoires \u00e0 l\u2019expertise internationale reconnue.<\/div>\n<\/div>\n<div class=\"clear espace \" style=\"padding-top: 60px!important;\" data-desktop-height=\"60\" data-tablet-height=\"\" data-mobile-height=\"\" ><\/div>\n<a href=\"https:\/\/www.alveolelab.com\/fr\/nos-partenaires\/\" target=\"\" class=\"button  \" style=\"\"><i class=\"pictoArrowRight\"><\/i>EN SAVOIR PLUS<\/a>\n[\/vc_column][\/vc_row]\n<\/div>[vc_empty_space height=\u00a0\u00bb80px\u00a0\u00bb][\/vc_column][\/vc_row]\n<\/div>","protected":false},"excerpt":{"rendered":"<p>N\u00e9e des travaux de 3 chercheurs, Alv\u00e9ole veut faire du contr\u00f4le des cellules vivantes le futur de la biologie cellulaire.<\/p>\n<p>Soci\u00e9t\u00e9 sp\u00e9cialis\u00e9e dans les dispositifs de contr\u00f4le du microenvironnement cellulaire, Alv\u00e9ole fournit aux laboratoires de recherche des outils de cr\u00e9ation de mod\u00e8les d&rsquo;environnements cellulaires plus fiables et proches du vivant.<\/p>\n","protected":false},"author":1,"featured_media":0,"parent":0,"menu_order":5,"comment_status":"closed","ping_status":"closed","template":"","meta":{"inline_featured_image":false,"footnotes":""},"class_list":["post-18","page","type-page","status-publish","hentry","themes-marque"],"yoast_head":"<!-- This site is optimized with the Yoast SEO plugin v27.3 - https:\/\/yoast.com\/product\/yoast-seo-wordpress\/ -->\n<title>Alv\u00e9ole, sp\u00e9cialiste du contr\u00f4le du microenvironnement cellulaire<\/title>\n<meta name=\"description\" content=\"L\u2019ambition d\u2019Alv\u00e9ole est de faire du contr\u00f4le des cellules vivantes le futur de la biologie cellulaire et a cr\u00e9\u00e9 PRIMO pour le micropatterning de prot\u00e9ines.\" \/>\n<meta name=\"robots\" content=\"index, follow, max-snippet:-1, max-image-preview:large, max-video-preview:-1\" \/>\n<link rel=\"canonical\" href=\"https:\/\/www.alveolelab.com\/fr\/a-propos\/\" \/>\n<meta property=\"og:locale\" content=\"fr_FR\" \/>\n<meta property=\"og:type\" content=\"article\" \/>\n<meta property=\"og:title\" content=\"Alv\u00e9ole, sp\u00e9cialiste du contr\u00f4le du microenvironnement cellulaire\" \/>\n<meta property=\"og:description\" content=\"L\u2019ambition d\u2019Alv\u00e9ole est de faire du contr\u00f4le des cellules vivantes le futur de la biologie cellulaire et a cr\u00e9\u00e9 PRIMO pour le micropatterning de prot\u00e9ines.\" \/>\n<meta property=\"og:url\" content=\"https:\/\/www.alveolelab.com\/fr\/a-propos\/\" \/>\n<meta property=\"og:site_name\" content=\"alv\u00e9ole\" \/>\n<meta property=\"article:modified_time\" content=\"2020-11-04T14:54:10+00:00\" \/>\n<meta name=\"twitter:card\" content=\"summary_large_image\" \/>\n<meta name=\"twitter:site\" content=\"@AlveoleLab\" \/>\n<meta name=\"twitter:label1\" content=\"Dur\u00e9e de lecture estim\u00e9e\" \/>\n\t<meta name=\"twitter:data1\" content=\"4 minutes\" \/>\n<!-- \/ Yoast SEO plugin. -->","yoast_head_json":{"title":"Alv\u00e9ole, sp\u00e9cialiste du contr\u00f4le du microenvironnement cellulaire","description":"L\u2019ambition d\u2019Alv\u00e9ole est de faire du contr\u00f4le des cellules vivantes le futur de la biologie cellulaire et a cr\u00e9\u00e9 PRIMO pour le micropatterning de prot\u00e9ines.","robots":{"index":"index","follow":"follow","max-snippet":"max-snippet:-1","max-image-preview":"max-image-preview:large","max-video-preview":"max-video-preview:-1"},"canonical":"https:\/\/www.alveolelab.com\/fr\/a-propos\/","og_locale":"fr_FR","og_type":"article","og_title":"Alv\u00e9ole, sp\u00e9cialiste du contr\u00f4le du microenvironnement cellulaire","og_description":"L\u2019ambition d\u2019Alv\u00e9ole est de faire du contr\u00f4le des cellules vivantes le futur de la biologie cellulaire et a cr\u00e9\u00e9 PRIMO pour le micropatterning de prot\u00e9ines.","og_url":"https:\/\/www.alveolelab.com\/fr\/a-propos\/","og_site_name":"alv\u00e9ole","article_modified_time":"2020-11-04T14:54:10+00:00","twitter_card":"summary_large_image","twitter_site":"@AlveoleLab","twitter_misc":{"Dur\u00e9e de lecture estim\u00e9e":"4 minutes"},"schema":{"@context":"https:\/\/schema.org","@graph":[{"@type":"WebPage","@id":"https:\/\/www.alveolelab.com\/fr\/a-propos\/","url":"https:\/\/www.alveolelab.com\/fr\/a-propos\/","name":"Alv\u00e9ole, sp\u00e9cialiste du contr\u00f4le du microenvironnement cellulaire","isPartOf":{"@id":"https:\/\/www.alveolelab.com\/#website"},"datePublished":"2017-11-14T12:14:35+00:00","dateModified":"2020-11-04T14:54:10+00:00","description":"L\u2019ambition d\u2019Alv\u00e9ole est de faire du contr\u00f4le des cellules vivantes le futur de la biologie cellulaire et a cr\u00e9\u00e9 PRIMO pour le micropatterning de prot\u00e9ines.","breadcrumb":{"@id":"https:\/\/www.alveolelab.com\/fr\/a-propos\/#breadcrumb"},"inLanguage":"fr-FR","potentialAction":[{"@type":"ReadAction","target":["https:\/\/www.alveolelab.com\/fr\/a-propos\/"]}]},{"@type":"BreadcrumbList","@id":"https:\/\/www.alveolelab.com\/fr\/a-propos\/#breadcrumb","itemListElement":[{"@type":"ListItem","position":1,"name":"Home","item":"https:\/\/www.alveolelab.com\/fr\/"},{"@type":"ListItem","position":2,"name":"Alv\u00e9ole"}]},{"@type":"WebSite","@id":"https:\/\/www.alveolelab.com\/#website","url":"https:\/\/www.alveolelab.com\/","name":"alv\u00e9ole","description":"Micropatterning","publisher":{"@id":"https:\/\/www.alveolelab.com\/#organization"},"potentialAction":[{"@type":"SearchAction","target":{"@type":"EntryPoint","urlTemplate":"https:\/\/www.alveolelab.com\/?s={search_term_string}"},"query-input":{"@type":"PropertyValueSpecification","valueRequired":true,"valueName":"search_term_string"}}],"inLanguage":"fr-FR"},{"@type":"Organization","@id":"https:\/\/www.alveolelab.com\/#organization","name":"Alveole","url":"https:\/\/www.alveolelab.com\/","logo":{"@type":"ImageObject","inLanguage":"fr-FR","@id":"https:\/\/www.alveolelab.com\/#\/schema\/logo\/image\/","url":"https:\/\/www.alveolelab.com\/wp-content\/uploads\/2018\/06\/Logo-Alveole-Lab.png","contentUrl":"https:\/\/www.alveolelab.com\/wp-content\/uploads\/2018\/06\/Logo-Alveole-Lab.png","width":389,"height":132,"caption":"Alveole"},"image":{"@id":"https:\/\/www.alveolelab.com\/#\/schema\/logo\/image\/"},"sameAs":["https:\/\/x.com\/AlveoleLab","https:\/\/www.linkedin.com\/company\/alv\u00e9ole\/","https:\/\/www.youtube.com\/c\/AlveoleLab"]}]}},"_links":{"self":[{"href":"https:\/\/www.alveolelab.com\/fr\/wp-json\/wp\/v2\/pages\/18","targetHints":{"allow":["GET"]}}],"collection":[{"href":"https:\/\/www.alveolelab.com\/fr\/wp-json\/wp\/v2\/pages"}],"about":[{"href":"https:\/\/www.alveolelab.com\/fr\/wp-json\/wp\/v2\/types\/page"}],"author":[{"embeddable":true,"href":"https:\/\/www.alveolelab.com\/fr\/wp-json\/wp\/v2\/users\/1"}],"replies":[{"embeddable":true,"href":"https:\/\/www.alveolelab.com\/fr\/wp-json\/wp\/v2\/comments?post=18"}],"version-history":[{"count":0,"href":"https:\/\/www.alveolelab.com\/fr\/wp-json\/wp\/v2\/pages\/18\/revisions"}],"wp:attachment":[{"href":"https:\/\/www.alveolelab.com\/fr\/wp-json\/wp\/v2\/media?parent=18"}],"curies":[{"name":"wp","href":"https:\/\/api.w.org\/{rel}","templated":true}]}}