{"id":55,"date":"2017-11-14T13:22:43","date_gmt":"2017-11-14T12:22:43","guid":{"rendered":"https:\/\/www.alveolelab.com\/?page_id=55"},"modified":"2018-03-22T18:49:08","modified_gmt":"2018-03-22T17:49:08","slug":"nos-partenaires","status":"publish","type":"page","link":"https:\/\/www.alveolelab.com\/fr\/nos-partenaires\/","title":{"rendered":"Les partenaires d&rsquo;Alv\u00e9ole"},"content":{"rendered":"<div class=\"wpb-content-wrapper\">[vc_row full_width=\u00a0\u00bbstretch_row\u00a0\u00bb el_class=\u00a0\u00bbgrey_down_bg\u00a0\u00bb][vc_column]<div class=\"partners\">\r    \r    <h2>Recherche<\/h2>\r    <div class=\"contentIntro\"><\/div>\r    <div class=\"espace60\"><\/div>\r\r    <div class=\"vc_row wpb_row vc_inner vc_row-fluid partners\">\r                <div class=\"wpb_column vc_column_container vc_col-sm-4\">\r            <div class=\"partnerItem\">\r\n    <div class=\"image\" style=\"background-image: url(https:\/\/www.alveolelab.com\/wp-content\/uploads\/2017\/11\/logoCNRS.jpg);\"><\/div>\r\n    <div class=\"content comHeight\" data-height-group=\"partnerContents\">\r\n        <!-- <h3 class=\"h4\">CNRS<\/h3> -->\r\n        <div class=\"excerpt\"><\/div>\r\n    <\/div>\r\n    <a href=\"http:\/\/www.cnrs.fr\/\" target=\"_blank\" class=\"url\">Voir le site du partenaire<\/a><\/div>        <\/div>\r               <div class=\"wpb_column vc_column_container vc_col-sm-4\">\r            <div class=\"partnerItem\">\r\n    <div class=\"image\" style=\"background-image: url(https:\/\/www.alveolelab.com\/wp-content\/uploads\/2017\/11\/logoCEA.jpg);\"><\/div>\r\n    <div class=\"content comHeight\" data-height-group=\"partnerContents\">\r\n        <!-- <h3 class=\"h4\">CEA<\/h3> -->\r\n        <div class=\"excerpt\"><\/div>\r\n    <\/div>\r\n    <a href=\"http:\/\/www.cea.fr\/\" target=\"_blank\" class=\"url\">Voir le site du partenaire<\/a><\/div>        <\/div>\r               <div class=\"wpb_column vc_column_container vc_col-sm-4\">\r            <div class=\"partnerItem\">\r\n    <div class=\"image\" style=\"background-image: url(https:\/\/www.alveolelab.com\/wp-content\/uploads\/2017\/11\/logoINSERM.jpg);\"><\/div>\r\n    <div class=\"content comHeight\" data-height-group=\"partnerContents\">\r\n        <!-- <h3 class=\"h4\">INSERM<\/h3> -->\r\n        <div class=\"excerpt\"><\/div>\r\n    <\/div>\r\n    <a href=\"https:\/\/www.inserm.fr\" target=\"_blank\" class=\"url\">Voir le site du partenaire<\/a><\/div>        <\/div>\r               <div class=\"wpb_column vc_column_container vc_col-sm-4\">\r            <div class=\"partnerItem\">\r\n    <div class=\"image\" style=\"background-image: url(https:\/\/www.alveolelab.com\/wp-content\/uploads\/2017\/11\/logoENS.jpg);\"><\/div>\r\n    <div class=\"content comHeight\" data-height-group=\"partnerContents\">\r\n        <!-- <h3 class=\"h4\">ENS<\/h3> -->\r\n        <div class=\"excerpt\"><\/div>\r\n    <\/div>\r\n    <a href=\"http:\/\/www.ens.fr\" target=\"_blank\" class=\"url\">Voir le site du partenaire<\/a><\/div>        <\/div>\r               <div class=\"wpb_column vc_column_container vc_col-sm-4\">\r            <div class=\"partnerItem\">\r\n    <div class=\"image\" style=\"background-image: url(https:\/\/www.alveolelab.com\/wp-content\/uploads\/2017\/11\/logoBordeaux.jpg);\"><\/div>\r\n    <div class=\"content comHeight\" data-height-group=\"partnerContents\">\r\n        <!-- <h3 class=\"h4\">Universit\u00e9 de Bordeaux<\/h3> -->\r\n        <div class=\"excerpt\"><\/div>\r\n    <\/div>\r\n    <a href=\"https:\/\/www.u-bordeaux.fr\/\" target=\"_blank\" class=\"url\">Voir le site du partenaire<\/a><\/div>        <\/div>\r               <div class=\"wpb_column vc_column_container vc_col-sm-4\">\r            <div class=\"partnerItem\">\r\n    <div class=\"image\" style=\"background-image: url(https:\/\/www.alveolelab.com\/wp-content\/uploads\/2017\/11\/logoMBI.jpg);\"><\/div>\r\n    <div class=\"content comHeight\" data-height-group=\"partnerContents\">\r\n        <!-- <h3 class=\"h4\">MBI<\/h3> -->\r\n        <div class=\"excerpt\"><\/div>\r\n    <\/div>\r\n    <a href=\"https:\/\/mbi.nus.edu.sg\/\" target=\"_blank\" class=\"url\">Voir le site du partenaire<\/a><\/div>        <\/div>\r               <div class=\"wpb_column vc_column_container vc_col-sm-4\">\r            <div class=\"partnerItem\">\r\n    <div class=\"image\" style=\"background-image: url(https:\/\/www.alveolelab.com\/wp-content\/uploads\/2017\/11\/logoESPCI.jpg);\"><\/div>\r\n    <div class=\"content comHeight\" data-height-group=\"partnerContents\">\r\n        <!-- <h3 class=\"h4\">ESPCI<\/h3> -->\r\n        <div class=\"excerpt\"><\/div>\r\n    <\/div>\r\n    <a href=\"https:\/\/www.espci.fr\/fr\/\" target=\"_blank\" class=\"url\">Voir le site du partenaire<\/a><\/div>        <\/div>\r               <div class=\"wpb_column vc_column_container vc_col-sm-4\">\r            <div class=\"partnerItem\">\r\n    <div class=\"image\" style=\"background-image: url(https:\/\/www.alveolelab.com\/wp-content\/uploads\/2017\/11\/logoCochin.jpg);\"><\/div>\r\n    <div class=\"content comHeight\" data-height-group=\"partnerContents\">\r\n        <!-- <h3 class=\"h4\">Institut Cochin<\/h3> -->\r\n        <div class=\"excerpt\"><\/div>\r\n    <\/div>\r\n    <a href=\"https:\/\/www.institutcochin.fr\/\" target=\"_blank\" class=\"url\">Voir le site du partenaire<\/a><\/div>        <\/div>\r               <div class=\"wpb_column vc_column_container vc_col-sm-4\">\r            <div class=\"partnerItem\">\r\n    <div class=\"image\" style=\"background-image: url(https:\/\/www.alveolelab.com\/wp-content\/uploads\/2017\/11\/logoIJM.jpg);\"><\/div>\r\n    <div class=\"content comHeight\" data-height-group=\"partnerContents\">\r\n        <!-- <h3 class=\"h4\">IJM<\/h3> -->\r\n        <div class=\"excerpt\"><\/div>\r\n    <\/div>\r\n    <a href=\" http:\/\/www.ijm.fr\/\" target=\"_blank\" class=\"url\">Voir le site du partenaire<\/a><\/div>        <\/div>\r               <div class=\"wpb_column vc_column_container vc_col-sm-4\">\r            <div class=\"partnerItem\">\r\n    <div class=\"image\" style=\"background-image: url(https:\/\/www.alveolelab.com\/wp-content\/uploads\/2017\/11\/logoDescartes.jpg);\"><\/div>\r\n    <div class=\"content comHeight\" data-height-group=\"partnerContents\">\r\n        <!-- <h3 class=\"h4\">Descartes<\/h3> -->\r\n        <div class=\"excerpt\"><\/div>\r\n    <\/div>\r\n    <a href=\"https:\/\/www.univ-paris5.fr\/\" target=\"_blank\" class=\"url\">Voir le site du partenaire<\/a><\/div>        <\/div>\r               <div class=\"wpb_column vc_column_container vc_col-sm-4\">\r            <div class=\"partnerItem\">\r\n    <div class=\"image\" style=\"background-image: url(https:\/\/www.alveolelab.com\/wp-content\/uploads\/2017\/11\/logoUPMC.jpg);\"><\/div>\r\n    <div class=\"content comHeight\" data-height-group=\"partnerContents\">\r\n        <!-- <h3 class=\"h4\">UPMC<\/h3> -->\r\n        <div class=\"excerpt\"><\/div>\r\n    <\/div>\r\n    <a href=\"http:\/\/www.upmc.fr\/fr\/index.html\" target=\"_blank\" class=\"url\">Voir le site du partenaire<\/a><\/div>        <\/div>\r               <div class=\"wpb_column vc_column_container vc_col-sm-4\">\r            <div class=\"partnerItem\">\r\n    <div class=\"image\" style=\"background-image: url(https:\/\/www.alveolelab.com\/wp-content\/uploads\/2017\/11\/logoCurie.jpg);\"><\/div>\r\n    <div class=\"content comHeight\" data-height-group=\"partnerContents\">\r\n        <!-- <h3 class=\"h4\">Curie<\/h3> -->\r\n        <div class=\"excerpt\"><\/div>\r\n    <\/div>\r\n    <a href=\"https:\/\/curie.fr\/\" target=\"_blank\" class=\"url\">Voir le site du partenaire<\/a><\/div>        <\/div>\r               <div class=\"wpb_column vc_column_container vc_col-sm-4\">\r            <div class=\"partnerItem\">\r\n    <div class=\"image\" style=\"background-image: url(https:\/\/www.alveolelab.com\/wp-content\/uploads\/2017\/11\/logoLAI.jpg);\"><\/div>\r\n    <div class=\"content comHeight\" data-height-group=\"partnerContents\">\r\n        <!-- <h3 class=\"h4\">LAI<\/h3> -->\r\n        <div class=\"excerpt\"><\/div>\r\n    <\/div>\r\n    <a href=\"https:\/\/labadhesioninflammation.org\/\" target=\"_blank\" class=\"url\">Voir le site du partenaire<\/a><\/div>        <\/div>\r               <div class=\"wpb_column vc_column_container vc_col-sm-4\">\r            <div class=\"partnerItem\">\r\n    <div class=\"image\" style=\"background-image: url(https:\/\/www.alveolelab.com\/wp-content\/uploads\/2017\/11\/logoLOF.jpg);\"><\/div>\r\n    <div class=\"content comHeight\" data-height-group=\"partnerContents\">\r\n        <!-- <h3 class=\"h4\">LOF<\/h3> -->\r\n        <div class=\"excerpt\"><\/div>\r\n    <\/div>\r\n    <a href=\"http:\/\/www.lof.cnrs.fr\/\" target=\"_blank\" class=\"url\">Voir le site du partenaire<\/a><\/div>        <\/div>\r               <div class=\"wpb_column vc_column_container vc_col-sm-4\">\r            <div class=\"partnerItem\">\r\n    <div class=\"image\" style=\"background-image: url(https:\/\/www.alveolelab.com\/wp-content\/uploads\/2017\/11\/logoIINS.jpg);\"><\/div>\r\n    <div class=\"content comHeight\" data-height-group=\"partnerContents\">\r\n        <!-- <h3 class=\"h4\">IINS<\/h3> -->\r\n        <div class=\"excerpt\"><\/div>\r\n    <\/div>\r\n    <a href=\"http:\/\/www.iins.u-bordeaux.fr\/?lang=en\" target=\"_blank\" class=\"url\">Voir le site du partenaire<\/a><\/div>        <\/div>\r               <div class=\"wpb_column vc_column_container vc_col-sm-4\">\r            <div class=\"partnerItem\">\r\n    <div class=\"image\" style=\"background-image: url(https:\/\/www.alveolelab.com\/wp-content\/uploads\/2017\/11\/logoCytomorphoLab.jpg);\"><\/div>\r\n    <div class=\"content comHeight\" data-height-group=\"partnerContents\">\r\n        <!-- <h3 class=\"h4\">CytomorphoLab<\/h3> -->\r\n        <div class=\"excerpt\"><\/div>\r\n    <\/div>\r\n    <a href=\"http:\/\/cytomorpholab.com\/\" target=\"_blank\" class=\"url\">Voir le site du partenaire<\/a><\/div>        <\/div>\r              <div class=\"clear\"><\/div>\r    <\/div>\r    <div class=\"clear\"><\/div>\r\r    \r    <h2>Commercialisation<\/h2>\r    <div class=\"contentIntro\"><\/div>\r    <div class=\"espace60\"><\/div>\r\r    <div class=\"vc_row wpb_row vc_inner vc_row-fluid partners\">\r                <div class=\"wpb_column vc_column_container vc_col-sm-4\">\r            <div class=\"partnerItem\">\r\n    <div class=\"image\" style=\"background-image: url(https:\/\/www.alveolelab.com\/wp-content\/uploads\/2018\/05\/logoSusos-reframe.jpg);\"><\/div>\r\n    <div class=\"content comHeight\" data-height-group=\"partnerContents\">\r\n        <!-- <h3 class=\"h4\">SuSoS<\/h3> -->\r\n        <div class=\"excerpt\"><\/div>\r\n    <\/div>\r\n    <a href=\"https:\/\/susos.com\/en\/\" target=\"_blank\" class=\"url\">Voir le site du partenaire<\/a><\/div>        <\/div>\r               <div class=\"wpb_column vc_column_container vc_col-sm-4\">\r            <div class=\"partnerItem\">\r\n    <div class=\"image\" style=\"background-image: url(https:\/\/www.alveolelab.com\/wp-content\/uploads\/2020\/03\/logo-primetech.jpg);\"><\/div>\r\n    <div class=\"content comHeight\" data-height-group=\"partnerContents\">\r\n        <!-- <h3 class=\"h4\">Primetech<\/h3> -->\r\n        <div class=\"excerpt\"><\/div>\r\n    <\/div>\r\n    <a href=\"https:\/\/www.primetech.co.jp\/tabid\/110\/Default.aspx?language=en-US\" target=\"_blank\" class=\"url\">Voir le site du partenaire<\/a><\/div>        <\/div>\r               <div class=\"wpb_column vc_column_container vc_col-sm-4\">\r            <div class=\"partnerItem\">\r\n    <div class=\"image\" style=\"background-image: url(https:\/\/www.alveolelab.com\/wp-content\/uploads\/2020\/03\/logo-sinsitech.jpg);\"><\/div>\r\n    <div class=\"content comHeight\" data-height-group=\"partnerContents\">\r\n        <!-- <h3 class=\"h4\">Sinsitech<\/h3> -->\r\n        <div class=\"excerpt\"><\/div>\r\n    <\/div>\r\n    <a href=\"http:\/\/www.senxikeji.com\/\" target=\"_blank\" class=\"url\">Voir le site du partenaire<\/a><\/div>        <\/div>\r               <div class=\"wpb_column vc_column_container vc_col-sm-4\">\r            <div class=\"partnerItem\">\r\n    <div class=\"image\" style=\"background-image: url(https:\/\/www.alveolelab.com\/wp-content\/uploads\/2020\/03\/logo-axt-copie.jpg);\"><\/div>\r\n    <div class=\"content comHeight\" data-height-group=\"partnerContents\">\r\n        <!-- <h3 class=\"h4\">AXT Pty Ltd<\/h3> -->\r\n        <div class=\"excerpt\"><\/div>\r\n    <\/div>\r\n    <a href=\"https:\/\/www.axt.com.au\/\" target=\"_blank\" class=\"url\">Voir le site du partenaire<\/a><\/div>        <\/div>\r               <div class=\"wpb_column vc_column_container vc_col-sm-4\">\r            <div class=\"partnerItem\">\r\n    <div class=\"image\" style=\"background-image: url(https:\/\/www.alveolelab.com\/wp-content\/uploads\/2017\/11\/logoNanoscalelabs.jpg);\"><\/div>\r\n    <div class=\"content comHeight\" data-height-group=\"partnerContents\">\r\n        <!-- <h3 class=\"h4\">Nanoscalelabs<\/h3> -->\r\n        <div class=\"excerpt\"><\/div>\r\n    <\/div>\r\n    <a href=\"http:\/\/www.nanoscalelabs.com\/\" target=\"_blank\" class=\"url\">Voir le site du partenaire<\/a><\/div>        <\/div>\r               <div class=\"wpb_column vc_column_container vc_col-sm-4\">\r            <div class=\"partnerItem\">\r\n    <div class=\"image\" style=\"background-image: url(https:\/\/www.alveolelab.com\/wp-content\/uploads\/2017\/11\/logoNikon.jpg);\"><\/div>\r\n    <div class=\"content comHeight\" data-height-group=\"partnerContents\">\r\n        <!-- <h3 class=\"h4\">Nikon<\/h3> -->\r\n        <div class=\"excerpt\"><\/div>\r\n    <\/div>\r\n    <a href=\"http:\/\/nikon.com\/products\/microscope-solutions\/index.htm\" target=\"_blank\" class=\"url\">Voir le site du partenaire<\/a><\/div>        <\/div>\r               <div class=\"wpb_column vc_column_container vc_col-sm-4\">\r            <div class=\"partnerItem\">\r\n    <div class=\"image\" style=\"background-image: url(https:\/\/www.alveolelab.com\/wp-content\/uploads\/2017\/11\/logoLEICA.jpg);\"><\/div>\r\n    <div class=\"content comHeight\" data-height-group=\"partnerContents\">\r\n        <!-- <h3 class=\"h4\">LEICA<\/h3> -->\r\n        <div class=\"excerpt\"><\/div>\r\n    <\/div>\r\n    <a href=\"https:\/\/www.leica-microsystems.com\/\" target=\"_blank\" class=\"url\">Voir le site du partenaire<\/a><\/div>        <\/div>\r               <div class=\"wpb_column vc_column_container vc_col-sm-4\">\r            <div class=\"partnerItem\">\r\n    <div class=\"image\" style=\"background-image: url(https:\/\/www.alveolelab.com\/wp-content\/uploads\/2017\/11\/LogoOlympus.jpg);\"><\/div>\r\n    <div class=\"content comHeight\" data-height-group=\"partnerContents\">\r\n        <!-- <h3 class=\"h4\">Olympus<\/h3> -->\r\n        <div class=\"excerpt\"><\/div>\r\n    <\/div>\r\n    <a href=\" https:\/\/www.olympus-lifescience.com\/en\/\" target=\"_blank\" class=\"url\">Voir le site du partenaire<\/a><\/div>        <\/div>\r              <div class=\"clear\"><\/div>\r    <\/div>\r    <div class=\"clear\"><\/div>\r\r    \r    <h2>Production &amp; Industrialisation<\/h2>\r    <div class=\"contentIntro\"><\/div>\r    <div class=\"espace60\"><\/div>\r\r    <div class=\"vc_row wpb_row vc_inner vc_row-fluid partners\">\r                <div class=\"wpb_column vc_column_container vc_col-sm-4\">\r            <div class=\"partnerItem\">\r\n    <div class=\"image\" style=\"background-image: url(https:\/\/www.alveolelab.com\/wp-content\/uploads\/2017\/11\/logoDeclic.jpg);\"><\/div>\r\n    <div class=\"content comHeight\" data-height-group=\"partnerContents\">\r\n        <!-- <h3 class=\"h4\">Declic<\/h3> -->\r\n        <div class=\"excerpt\"><\/div>\r\n    <\/div>\r\n    <a href=\"http:\/\/declic-eng.com\/\" target=\"_blank\" class=\"url\">Voir le site du partenaire<\/a><\/div>        <\/div>\r               <div class=\"wpb_column vc_column_container vc_col-sm-4\">\r            <div class=\"partnerItem\">\r\n    <div class=\"image\" style=\"background-image: url(https:\/\/www.alveolelab.com\/wp-content\/uploads\/2017\/11\/logoSTAE.jpg);\"><\/div>\r\n    <div class=\"content comHeight\" data-height-group=\"partnerContents\">\r\n        <!-- <h3 class=\"h4\">STAE<\/h3> -->\r\n        <div class=\"excerpt\"><\/div>\r\n    <\/div>\r\n    <a href=\"http:\/\/www.stae.fr\/\" target=\"_blank\" class=\"url\">Voir le site du partenaire<\/a><\/div>        <\/div>\r               <div class=\"wpb_column vc_column_container vc_col-sm-4\">\r            <div class=\"partnerItem\">\r\n    <div class=\"image\" style=\"background-image: url(https:\/\/www.alveolelab.com\/wp-content\/uploads\/2017\/11\/logoOxxius.jpg);\"><\/div>\r\n    <div class=\"content comHeight\" data-height-group=\"partnerContents\">\r\n        <!-- <h3 class=\"h4\">Oxxius<\/h3> -->\r\n        <div class=\"excerpt\"><\/div>\r\n    <\/div>\r\n    <a href=\"http:\/\/www.oxxius.com\/\" target=\"_blank\" class=\"url\">Voir le site du partenaire<\/a><\/div>        <\/div>\r               <div class=\"wpb_column vc_column_container vc_col-sm-4\">\r            <div class=\"partnerItem\">\r\n    <div class=\"image\" style=\"background-image: url(https:\/\/www.alveolelab.com\/wp-content\/uploads\/2017\/11\/logoBleuSolid.jpg);\"><\/div>\r\n    <div class=\"content comHeight\" data-height-group=\"partnerContents\">\r\n        <!-- <h3 class=\"h4\">BleuSolid<\/h3> -->\r\n        <div class=\"excerpt\"><\/div>\r\n    <\/div>\r\n    <\/div>        <\/div>\r              <div class=\"clear\"><\/div>\r    <\/div>\r    <div class=\"clear\"><\/div>\r\r    \r    <h2>Soutien<\/h2>\r    <div class=\"contentIntro\"><\/div>\r    <div class=\"espace60\"><\/div>\r\r    <div class=\"vc_row wpb_row vc_inner vc_row-fluid partners\">\r                <div class=\"wpb_column vc_column_container vc_col-sm-4\">\r            <div class=\"partnerItem\">\r\n    <div class=\"image\" style=\"background-image: url(https:\/\/www.alveolelab.com\/wp-content\/uploads\/2017\/11\/logoQuattrocento.jpg);\"><\/div>\r\n    <div class=\"content comHeight\" data-height-group=\"partnerContents\">\r\n        <!-- <h3 class=\"h4\">Quattrocento<\/h3> -->\r\n        <div class=\"excerpt\"><\/div>\r\n    <\/div>\r\n    <a href=\"http:\/\/www.lequattrocento.com\/index-en.html\" target=\"_blank\" class=\"url\">Voir le site du partenaire<\/a><\/div>        <\/div>\r               <div class=\"wpb_column vc_column_container vc_col-sm-4\">\r            <div class=\"partnerItem\">\r\n    <div class=\"image\" style=\"background-image: url(https:\/\/www.alveolelab.com\/wp-content\/uploads\/2017\/11\/logoBPIfrance.jpg);\"><\/div>\r\n    <div class=\"content comHeight\" data-height-group=\"partnerContents\">\r\n        <!-- <h3 class=\"h4\">BPI France<\/h3> -->\r\n        <div class=\"excerpt\"><\/div>\r\n    <\/div>\r\n    <a href=\"http:\/\/www.bpifrance.fr\/\" target=\"_blank\" class=\"url\">Voir le site du partenaire<\/a><\/div>        <\/div>\r               <div class=\"wpb_column vc_column_container vc_col-sm-4\">\r            <div class=\"partnerItem\">\r\n    <div class=\"image\" style=\"background-image: url(https:\/\/www.alveolelab.com\/wp-content\/uploads\/2017\/11\/logoFPGG.jpg);\"><\/div>\r\n    <div class=\"content comHeight\" data-height-group=\"partnerContents\">\r\n        <!-- <h3 class=\"h4\">FPGG<\/h3> -->\r\n        <div class=\"excerpt\"><\/div>\r\n    <\/div>\r\n    <a href=\"http:\/\/www.fondation-pgg.org\/\" target=\"_blank\" class=\"url\">Voir le site du partenaire<\/a><\/div>        <\/div>\r              <div class=\"clear\"><\/div>\r    <\/div>\r    <div class=\"clear\"><\/div>\r\r    <\/div>\r<div class=\"clear\"><\/div>[vc_empty_space height=\u00a0\u00bb100px\u00a0\u00bb][\/vc_column][\/vc_row]\n<\/div>","protected":false},"excerpt":{"rendered":"<p>Afin de s\u2019inscrire durablement comme acteur de son march\u00e9, Alv\u00e9ole tisse depuis 2016 un r\u00e9seau de partenariats industriels, commerciaux et acad\u00e9miques avec des soci\u00e9t\u00e9s et des laboratoires \u00e0 l\u2019expertise internationale reconnue.<\/p>\n","protected":false},"author":1,"featured_media":0,"parent":0,"menu_order":31,"comment_status":"closed","ping_status":"closed","template":"","meta":{"inline_featured_image":false,"footnotes":""},"class_list":["post-55","page","type-page","status-publish","hentry","themes-marque"],"yoast_head":"<!-- This site is optimized with the Yoast SEO plugin v27.3 - https:\/\/yoast.com\/product\/yoast-seo-wordpress\/ -->\n<title>Les partenariats d&#039;Alv\u00e9ole : recherche, production, distribution, ...<\/title>\n<meta name=\"description\" content=\"Alv\u00e9ole tisse depuis 2016 un r\u00e9seau de partenariats industriels, commerciaux et acad\u00e9miques avec des soci\u00e9t\u00e9s et des laboratoires internationaux.\" \/>\n<meta name=\"robots\" content=\"index, follow, max-snippet:-1, max-image-preview:large, max-video-preview:-1\" \/>\n<link rel=\"canonical\" href=\"https:\/\/www.alveolelab.com\/fr\/nos-partenaires\/\" \/>\n<meta property=\"og:locale\" content=\"fr_FR\" \/>\n<meta property=\"og:type\" content=\"article\" \/>\n<meta property=\"og:title\" content=\"Les partenariats d&#039;Alv\u00e9ole : recherche, production, distribution, ...\" \/>\n<meta property=\"og:description\" content=\"Alv\u00e9ole tisse depuis 2016 un r\u00e9seau de partenariats industriels, commerciaux et acad\u00e9miques avec des soci\u00e9t\u00e9s et des laboratoires internationaux.\" \/>\n<meta property=\"og:url\" content=\"https:\/\/www.alveolelab.com\/fr\/nos-partenaires\/\" \/>\n<meta property=\"og:site_name\" content=\"alv\u00e9ole\" \/>\n<meta property=\"article:modified_time\" content=\"2018-03-22T17:49:08+00:00\" \/>\n<meta name=\"twitter:card\" content=\"summary_large_image\" \/>\n<meta name=\"twitter:site\" content=\"@AlveoleLab\" \/>\n<!-- \/ Yoast SEO plugin. -->","yoast_head_json":{"title":"Les partenariats d'Alv\u00e9ole : recherche, production, distribution, ...","description":"Alv\u00e9ole tisse depuis 2016 un r\u00e9seau de partenariats industriels, commerciaux et acad\u00e9miques avec des soci\u00e9t\u00e9s et des laboratoires internationaux.","robots":{"index":"index","follow":"follow","max-snippet":"max-snippet:-1","max-image-preview":"max-image-preview:large","max-video-preview":"max-video-preview:-1"},"canonical":"https:\/\/www.alveolelab.com\/fr\/nos-partenaires\/","og_locale":"fr_FR","og_type":"article","og_title":"Les partenariats d'Alv\u00e9ole : recherche, production, distribution, ...","og_description":"Alv\u00e9ole tisse depuis 2016 un r\u00e9seau de partenariats industriels, commerciaux et acad\u00e9miques avec des soci\u00e9t\u00e9s et des laboratoires internationaux.","og_url":"https:\/\/www.alveolelab.com\/fr\/nos-partenaires\/","og_site_name":"alv\u00e9ole","article_modified_time":"2018-03-22T17:49:08+00:00","twitter_card":"summary_large_image","twitter_site":"@AlveoleLab","schema":{"@context":"https:\/\/schema.org","@graph":[{"@type":"WebPage","@id":"https:\/\/www.alveolelab.com\/fr\/nos-partenaires\/","url":"https:\/\/www.alveolelab.com\/fr\/nos-partenaires\/","name":"Les partenariats d'Alv\u00e9ole : recherche, production, distribution, ...","isPartOf":{"@id":"https:\/\/www.alveolelab.com\/#website"},"datePublished":"2017-11-14T12:22:43+00:00","dateModified":"2018-03-22T17:49:08+00:00","description":"Alv\u00e9ole tisse depuis 2016 un r\u00e9seau de partenariats industriels, commerciaux et acad\u00e9miques avec des soci\u00e9t\u00e9s et des laboratoires internationaux.","breadcrumb":{"@id":"https:\/\/www.alveolelab.com\/fr\/nos-partenaires\/#breadcrumb"},"inLanguage":"fr-FR","potentialAction":[{"@type":"ReadAction","target":["https:\/\/www.alveolelab.com\/fr\/nos-partenaires\/"]}]},{"@type":"BreadcrumbList","@id":"https:\/\/www.alveolelab.com\/fr\/nos-partenaires\/#breadcrumb","itemListElement":[{"@type":"ListItem","position":1,"name":"Home","item":"https:\/\/www.alveolelab.com\/fr\/"},{"@type":"ListItem","position":2,"name":"Les partenaires d&rsquo;Alv\u00e9ole"}]},{"@type":"WebSite","@id":"https:\/\/www.alveolelab.com\/#website","url":"https:\/\/www.alveolelab.com\/","name":"alv\u00e9ole","description":"Micropatterning","publisher":{"@id":"https:\/\/www.alveolelab.com\/#organization"},"potentialAction":[{"@type":"SearchAction","target":{"@type":"EntryPoint","urlTemplate":"https:\/\/www.alveolelab.com\/?s={search_term_string}"},"query-input":{"@type":"PropertyValueSpecification","valueRequired":true,"valueName":"search_term_string"}}],"inLanguage":"fr-FR"},{"@type":"Organization","@id":"https:\/\/www.alveolelab.com\/#organization","name":"Alveole","url":"https:\/\/www.alveolelab.com\/","logo":{"@type":"ImageObject","inLanguage":"fr-FR","@id":"https:\/\/www.alveolelab.com\/#\/schema\/logo\/image\/","url":"https:\/\/www.alveolelab.com\/wp-content\/uploads\/2018\/06\/Logo-Alveole-Lab.png","contentUrl":"https:\/\/www.alveolelab.com\/wp-content\/uploads\/2018\/06\/Logo-Alveole-Lab.png","width":389,"height":132,"caption":"Alveole"},"image":{"@id":"https:\/\/www.alveolelab.com\/#\/schema\/logo\/image\/"},"sameAs":["https:\/\/x.com\/AlveoleLab","https:\/\/www.linkedin.com\/company\/alv\u00e9ole\/","https:\/\/www.youtube.com\/c\/AlveoleLab"]}]}},"_links":{"self":[{"href":"https:\/\/www.alveolelab.com\/fr\/wp-json\/wp\/v2\/pages\/55","targetHints":{"allow":["GET"]}}],"collection":[{"href":"https:\/\/www.alveolelab.com\/fr\/wp-json\/wp\/v2\/pages"}],"about":[{"href":"https:\/\/www.alveolelab.com\/fr\/wp-json\/wp\/v2\/types\/page"}],"author":[{"embeddable":true,"href":"https:\/\/www.alveolelab.com\/fr\/wp-json\/wp\/v2\/users\/1"}],"replies":[{"embeddable":true,"href":"https:\/\/www.alveolelab.com\/fr\/wp-json\/wp\/v2\/comments?post=55"}],"version-history":[{"count":0,"href":"https:\/\/www.alveolelab.com\/fr\/wp-json\/wp\/v2\/pages\/55\/revisions"}],"wp:attachment":[{"href":"https:\/\/www.alveolelab.com\/fr\/wp-json\/wp\/v2\/media?parent=55"}],"curies":[{"name":"wp","href":"https:\/\/api.w.org\/{rel}","templated":true}]}}